{"id":7430,"date":"2023-12-13T08:23:46","date_gmt":"2023-12-13T08:23:46","guid":{"rendered":"https:\/\/apartamentosmichelangelobenidorm.com\/?page_id=7430"},"modified":"2025-12-17T11:03:25","modified_gmt":"2025-12-17T11:03:25","slug":"aviso-legal","status":"publish","type":"page","link":"https:\/\/apartamentosmichelangelobenidorm.com\/en\/aviso-legal\/","title":{"rendered":"Aviso Legal"},"content":{"rendered":"<p>[et_pb_section fb_built=&#8221;1&#8243; _builder_version=&#8221;4.21.0&#8243; _module_preset=&#8221;default&#8221; da_disable_devices=&#8221;off|off|off&#8221; global_colors_info=&#8221;{}&#8221; da_is_popup=&#8221;off&#8221; da_exit_intent=&#8221;off&#8221; da_has_close=&#8221;on&#8221; da_alt_close=&#8221;off&#8221; da_dark_close=&#8221;off&#8221; da_not_modal=&#8221;on&#8221; da_is_singular=&#8221;off&#8221; da_with_loader=&#8221;off&#8221; da_has_shadow=&#8221;on&#8221;][et_pb_row _builder_version=&#8221;4.21.0&#8243; _module_preset=&#8221;default&#8221; global_colors_info=&#8221;{}&#8221;][et_pb_column type=&#8221;4_4&#8243; _builder_version=&#8221;4.21.0&#8243; _module_preset=&#8221;default&#8221; global_colors_info=&#8221;{}&#8221;][et_pb_text _builder_version=&#8221;4.27.4&#8243; _module_preset=&#8221;default&#8221; text_font=&#8221;Open Sans|300|||||||&#8221; text_text_color=&#8221;#000000&#8243; text_font_size=&#8221;17px&#8221; header_font=&#8221;Oswald||||||||&#8221; header_font_size=&#8221;50px&#8221; header_2_font=&#8221;Oswald||||||||&#8221; header_2_font_size=&#8221;50px&#8221; hover_enabled=&#8221;0&#8243; global_colors_info=&#8221;{}&#8221; sticky_enabled=&#8221;0&#8243;]<\/p>\n<h2 style=\"margin-bottom: 30px; margin-left: 0px; margin-top: 0px;\">AVISO LEGAL<\/h2>\n<p style=\"margin-bottom: 20px; margin-left: 0px;\">VALORTUR,S.L ,en cumplimiento del art\u00edculo 10 de la Ley 34\/2002 de Servicios de la Sociedad de la Informaci\u00f3n y Comercio Electr\u00f3nico, informa:<\/p>\n<p style=\"margin-bottom: 20px; margin-left: 0px;\">Que es titular del dominio y del sitio web (<a rel=\"noreferrer noopener\" title=\"https:\/\/www.apartamentosmichelangelobenidorm.com%29\/\" target=\"_blank\"><span style=\"color: #000000;\"><strong>www.apartamentosmichelangelobenidorm.com<\/strong><\/span>)<\/a><\/p>\n<p style=\"margin-bottom: 20px; margin-left: 0px;\">Que sus datos identificativos son:<\/p>\n<ul>\n<li><strong>Nombre comercial:<\/strong> Apartamentos Michelangelo<\/li>\n<li><strong>Raz\u00f3n social:<\/strong> VALORTUR,S.L.<\/li>\n<li><strong>CIF:<\/strong> B53236121<\/li>\n<li><strong data-start=\"863\" data-end=\"892\">Domicilio social<\/strong> : CALLE PRIMAVERA,6. APARTAMENTOS MICHELANGELO, BENIDORM, ALICANTE, ESPA\u00d1A<\/li>\n<li><strong data-start=\"929\" data-end=\"950\">Datos de contacto<\/strong>:\u00a0\n<ul>\n<li>Email: info@<a rel=\"noreferrer noopener\" title=\"https:\/\/www.apartamentosmichelangelobenidorm.com%29\/\" target=\"_blank\"><span style=\"color: #000000;\">apartamentosmichelangelobenidorm.com<\/span><\/a><\/li>\n<li><span style=\"color: #000000;\">Tel\u00e9fono: +34 965 857 150\u00a0<\/span><\/li>\n<\/ul>\n<\/li>\n<\/ul>\n<p style=\"margin-bottom: 20px; margin-left: 0px;\">La utilizaci\u00f3n del sitio web otorga la condici\u00f3n de usuario e implica la plena aceptaci\u00f3n a todas las disposiciones contenidas en este Aviso Legal y en la Pol\u00edtica de Privacidad. Si el usuario no est\u00e1 de acuerdo con las condiciones aqu\u00ed establecidas deber\u00eda desestimar el acceso y la utilizaci\u00f3n del sitio web.<\/p>\n<p style=\"margin-bottom: 20px; margin-left: 0px;\">El contenido del sitio web es propiedad de VALORTUR,S.L, y se proh\u00edbe cualquier tipo de copia o reproducci\u00f3n de todo o parte del contenido sin autorizaci\u00f3n expresa de su propietario.<\/p>\n<p style=\"margin-bottom: 20px; margin-left: 0px;\">VALORTUR,S.L, no asume ninguna responsabilidad sobre los enlaces externos de terceros que pudieran incorporarse en el sitio web, al no tener ning\u00fan tipo de control sobre ellos, sobre sus contenidos, los servicios que presten o la forma en que \u00e9stos aparezcan.<\/p>\n<p style=\"margin-bottom: 20px; margin-left: 0px;\">El usuario del sitio web se compromete a hacer un uso adecuado del mismo, a no emplearlo para pr\u00e1cticas contrarias a la Ley o la buena fe y a no provocar da\u00f1os en los sistemas f\u00edsicos y l\u00f3gicos de VALORTUR,S.L.<\/p>\n<p>[\/et_pb_text][\/et_pb_column][\/et_pb_row][\/et_pb_section]<\/p>\n","protected":false},"excerpt":{"rendered":"<p>AVISO LEGAL VALORTUR,S.L ,en cumplimiento del art\u00edculo 10 de la Ley 34\/2002 de Servicios de la Sociedad de la Informaci\u00f3n y Comercio Electr\u00f3nico, informa: Que es titular del dominio y del sitio web (www.apartamentosmichelangelobenidorm.com) Que sus datos identificativos son: Nombre comercial: Apartamentos Michelangelo Raz\u00f3n social: VALORTUR,S.L. CIF: B53236121 Domicilio social : CALLE PRIMAVERA,6. APARTAMENTOS MICHELANGELO, [&hellip;]<\/p>\n","protected":false},"author":1,"featured_media":0,"parent":0,"menu_order":0,"comment_status":"closed","ping_status":"closed","template":"","meta":{"_et_pb_use_builder":"on","_et_pb_old_content":"","_et_gb_content_width":"","inline_featured_image":false,"footnotes":""},"class_list":["post-7430","page","type-page","status-publish","hentry"],"yoast_head":"<!-- This site is optimized with the Yoast SEO plugin v27.5 - https:\/\/yoast.com\/product\/yoast-seo-wordpress\/ -->\r\n<title>Aviso Legal - Apartamentos Michelangelo<\/title>\r\n<meta name=\"robots\" content=\"index, follow, max-snippet:-1, max-image-preview:large, max-video-preview:-1\" \/>\r\n<link rel=\"canonical\" href=\"https:\/\/apartamentosmichelangelobenidorm.com\/en\/aviso-legal\/\" \/>\r\n<meta property=\"og:locale\" content=\"en_GB\" \/>\r\n<meta property=\"og:type\" content=\"article\" \/>\r\n<meta property=\"og:title\" content=\"Aviso Legal - Apartamentos Michelangelo\" \/>\r\n<meta property=\"og:description\" content=\"AVISO LEGAL VALORTUR,S.L ,en cumplimiento del art\u00edculo 10 de la Ley 34\/2002 de Servicios de la Sociedad de la Informaci\u00f3n y Comercio Electr\u00f3nico, informa: Que es titular del dominio y del sitio web (www.apartamentosmichelangelobenidorm.com) Que sus datos identificativos son: Nombre comercial: Apartamentos Michelangelo Raz\u00f3n social: VALORTUR,S.L. CIF: B53236121 Domicilio social : CALLE PRIMAVERA,6. APARTAMENTOS MICHELANGELO, [&hellip;]\" \/>\r\n<meta property=\"og:url\" content=\"https:\/\/apartamentosmichelangelobenidorm.com\/en\/aviso-legal\/\" \/>\r\n<meta property=\"og:site_name\" content=\"Apartamentos Michelangelo\" \/>\r\n<meta property=\"article:publisher\" content=\"https:\/\/www.facebook.com\/ApartamentosMichelangelo\" \/>\r\n<meta property=\"article:modified_time\" content=\"2025-12-17T11:03:25+00:00\" \/>\r\n<meta name=\"twitter:card\" content=\"summary_large_image\" \/>\r\n<meta name=\"twitter:site\" content=\"@AptMichelangelo\" \/>\r\n<script type=\"application\/ld+json\" class=\"yoast-schema-graph\">{\"@context\":\"https:\\\/\\\/schema.org\",\"@graph\":[{\"@type\":\"WebPage\",\"@id\":\"https:\\\/\\\/apartamentosmichelangelobenidorm.com\\\/aviso-legal\\\/\",\"url\":\"https:\\\/\\\/apartamentosmichelangelobenidorm.com\\\/aviso-legal\\\/\",\"name\":\"Aviso Legal - Apartamentos Michelangelo\",\"isPartOf\":{\"@id\":\"https:\\\/\\\/apartamentosmichelangelobenidorm.com\\\/#website\"},\"datePublished\":\"2023-12-13T08:23:46+00:00\",\"dateModified\":\"2025-12-17T11:03:25+00:00\",\"breadcrumb\":{\"@id\":\"https:\\\/\\\/apartamentosmichelangelobenidorm.com\\\/aviso-legal\\\/#breadcrumb\"},\"inLanguage\":\"en-GB\",\"potentialAction\":[{\"@type\":\"ReadAction\",\"target\":[\"https:\\\/\\\/apartamentosmichelangelobenidorm.com\\\/aviso-legal\\\/\"]}]},{\"@type\":\"BreadcrumbList\",\"@id\":\"https:\\\/\\\/apartamentosmichelangelobenidorm.com\\\/aviso-legal\\\/#breadcrumb\",\"itemListElement\":[{\"@type\":\"ListItem\",\"position\":1,\"name\":\"Portada\",\"item\":\"https:\\\/\\\/apartamentosmichelangelobenidorm.com\\\/\"},{\"@type\":\"ListItem\",\"position\":2,\"name\":\"Aviso Legal\"}]},{\"@type\":\"WebSite\",\"@id\":\"https:\\\/\\\/apartamentosmichelangelobenidorm.com\\\/#website\",\"url\":\"https:\\\/\\\/apartamentosmichelangelobenidorm.com\\\/\",\"name\":\"Apartamentos Michelangelo\",\"description\":\"\",\"publisher\":{\"@id\":\"https:\\\/\\\/apartamentosmichelangelobenidorm.com\\\/#organization\"},\"potentialAction\":[{\"@type\":\"SearchAction\",\"target\":{\"@type\":\"EntryPoint\",\"urlTemplate\":\"https:\\\/\\\/apartamentosmichelangelobenidorm.com\\\/?s={search_term_string}\"},\"query-input\":{\"@type\":\"PropertyValueSpecification\",\"valueRequired\":true,\"valueName\":\"search_term_string\"}}],\"inLanguage\":\"en-GB\"},{\"@type\":\"Organization\",\"@id\":\"https:\\\/\\\/apartamentosmichelangelobenidorm.com\\\/#organization\",\"name\":\"Apartamentos Michelangelo\",\"url\":\"https:\\\/\\\/apartamentosmichelangelobenidorm.com\\\/\",\"logo\":{\"@type\":\"ImageObject\",\"inLanguage\":\"en-GB\",\"@id\":\"https:\\\/\\\/apartamentosmichelangelobenidorm.com\\\/#\\\/schema\\\/logo\\\/image\\\/\",\"url\":\"http:\\\/\\\/apartamentosmichelangelobenidorm.com\\\/wp-content\\\/uploads\\\/2023\\\/05\\\/iconoFooterMobile-1.svg\",\"contentUrl\":\"http:\\\/\\\/apartamentosmichelangelobenidorm.com\\\/wp-content\\\/uploads\\\/2023\\\/05\\\/iconoFooterMobile-1.svg\",\"width\":247,\"height\":207,\"caption\":\"Apartamentos Michelangelo\"},\"image\":{\"@id\":\"https:\\\/\\\/apartamentosmichelangelobenidorm.com\\\/#\\\/schema\\\/logo\\\/image\\\/\"},\"sameAs\":[\"https:\\\/\\\/www.facebook.com\\\/ApartamentosMichelangelo\",\"https:\\\/\\\/x.com\\\/AptMichelangelo\",\"https:\\\/\\\/www.instagram.com\\\/apartamentosmichelangelo\\\/\"]}]}<\/script>\r\n<!-- \/ Yoast SEO plugin. -->","yoast_head_json":{"title":"Aviso Legal - Apartamentos Michelangelo","robots":{"index":"index","follow":"follow","max-snippet":"max-snippet:-1","max-image-preview":"max-image-preview:large","max-video-preview":"max-video-preview:-1"},"canonical":"https:\/\/apartamentosmichelangelobenidorm.com\/en\/aviso-legal\/","og_locale":"en_GB","og_type":"article","og_title":"Aviso Legal - Apartamentos Michelangelo","og_description":"AVISO LEGAL VALORTUR,S.L ,en cumplimiento del art\u00edculo 10 de la Ley 34\/2002 de Servicios de la Sociedad de la Informaci\u00f3n y Comercio Electr\u00f3nico, informa: Que es titular del dominio y del sitio web (www.apartamentosmichelangelobenidorm.com) Que sus datos identificativos son: Nombre comercial: Apartamentos Michelangelo Raz\u00f3n social: VALORTUR,S.L. CIF: B53236121 Domicilio social : CALLE PRIMAVERA,6. APARTAMENTOS MICHELANGELO, [&hellip;]","og_url":"https:\/\/apartamentosmichelangelobenidorm.com\/en\/aviso-legal\/","og_site_name":"Apartamentos Michelangelo","article_publisher":"https:\/\/www.facebook.com\/ApartamentosMichelangelo","article_modified_time":"2025-12-17T11:03:25+00:00","twitter_card":"summary_large_image","twitter_site":"@AptMichelangelo","schema":{"@context":"https:\/\/schema.org","@graph":[{"@type":"WebPage","@id":"https:\/\/apartamentosmichelangelobenidorm.com\/aviso-legal\/","url":"https:\/\/apartamentosmichelangelobenidorm.com\/aviso-legal\/","name":"Aviso Legal - Apartamentos Michelangelo","isPartOf":{"@id":"https:\/\/apartamentosmichelangelobenidorm.com\/#website"},"datePublished":"2023-12-13T08:23:46+00:00","dateModified":"2025-12-17T11:03:25+00:00","breadcrumb":{"@id":"https:\/\/apartamentosmichelangelobenidorm.com\/aviso-legal\/#breadcrumb"},"inLanguage":"en-GB","potentialAction":[{"@type":"ReadAction","target":["https:\/\/apartamentosmichelangelobenidorm.com\/aviso-legal\/"]}]},{"@type":"BreadcrumbList","@id":"https:\/\/apartamentosmichelangelobenidorm.com\/aviso-legal\/#breadcrumb","itemListElement":[{"@type":"ListItem","position":1,"name":"Portada","item":"https:\/\/apartamentosmichelangelobenidorm.com\/"},{"@type":"ListItem","position":2,"name":"Aviso Legal"}]},{"@type":"WebSite","@id":"https:\/\/apartamentosmichelangelobenidorm.com\/#website","url":"https:\/\/apartamentosmichelangelobenidorm.com\/","name":"Apartamentos Michelangelo","description":"","publisher":{"@id":"https:\/\/apartamentosmichelangelobenidorm.com\/#organization"},"potentialAction":[{"@type":"SearchAction","target":{"@type":"EntryPoint","urlTemplate":"https:\/\/apartamentosmichelangelobenidorm.com\/?s={search_term_string}"},"query-input":{"@type":"PropertyValueSpecification","valueRequired":true,"valueName":"search_term_string"}}],"inLanguage":"en-GB"},{"@type":"Organization","@id":"https:\/\/apartamentosmichelangelobenidorm.com\/#organization","name":"Apartamentos Michelangelo","url":"https:\/\/apartamentosmichelangelobenidorm.com\/","logo":{"@type":"ImageObject","inLanguage":"en-GB","@id":"https:\/\/apartamentosmichelangelobenidorm.com\/#\/schema\/logo\/image\/","url":"http:\/\/apartamentosmichelangelobenidorm.com\/wp-content\/uploads\/2023\/05\/iconoFooterMobile-1.svg","contentUrl":"http:\/\/apartamentosmichelangelobenidorm.com\/wp-content\/uploads\/2023\/05\/iconoFooterMobile-1.svg","width":247,"height":207,"caption":"Apartamentos Michelangelo"},"image":{"@id":"https:\/\/apartamentosmichelangelobenidorm.com\/#\/schema\/logo\/image\/"},"sameAs":["https:\/\/www.facebook.com\/ApartamentosMichelangelo","https:\/\/x.com\/AptMichelangelo","https:\/\/www.instagram.com\/apartamentosmichelangelo\/"]}]}},"_links":{"self":[{"href":"https:\/\/apartamentosmichelangelobenidorm.com\/en\/wp-json\/wp\/v2\/pages\/7430","targetHints":{"allow":["GET"]}}],"collection":[{"href":"https:\/\/apartamentosmichelangelobenidorm.com\/en\/wp-json\/wp\/v2\/pages"}],"about":[{"href":"https:\/\/apartamentosmichelangelobenidorm.com\/en\/wp-json\/wp\/v2\/types\/page"}],"author":[{"embeddable":true,"href":"https:\/\/apartamentosmichelangelobenidorm.com\/en\/wp-json\/wp\/v2\/users\/1"}],"replies":[{"embeddable":true,"href":"https:\/\/apartamentosmichelangelobenidorm.com\/en\/wp-json\/wp\/v2\/comments?post=7430"}],"version-history":[{"count":4,"href":"https:\/\/apartamentosmichelangelobenidorm.com\/en\/wp-json\/wp\/v2\/pages\/7430\/revisions"}],"predecessor-version":[{"id":9538,"href":"https:\/\/apartamentosmichelangelobenidorm.com\/en\/wp-json\/wp\/v2\/pages\/7430\/revisions\/9538"}],"wp:attachment":[{"href":"https:\/\/apartamentosmichelangelobenidorm.com\/en\/wp-json\/wp\/v2\/media?parent=7430"}],"curies":[{"name":"wp","href":"https:\/\/api.w.org\/{rel}","templated":true}]}}