{"id":7436,"date":"2023-12-13T08:33:15","date_gmt":"2023-12-13T08:33:15","guid":{"rendered":"https:\/\/apartamentosmichelangelobenidorm.com\/?page_id=7436"},"modified":"2025-12-17T11:30:49","modified_gmt":"2025-12-17T11:30:49","slug":"terminos-condiciones","status":"publish","type":"page","link":"https:\/\/apartamentosmichelangelobenidorm.com\/de\/terminos-condiciones\/","title":{"rendered":"Condiciones de Reserva"},"content":{"rendered":"<p>[et_pb_section fb_built=&#8221;1&#8243; _builder_version=&#8221;4.21.0&#8243; _module_preset=&#8221;default&#8221; da_disable_devices=&#8221;off|off|off&#8221; global_colors_info=&#8221;{}&#8221; da_is_popup=&#8221;off&#8221; da_exit_intent=&#8221;off&#8221; da_has_close=&#8221;on&#8221; da_alt_close=&#8221;off&#8221; da_dark_close=&#8221;off&#8221; da_not_modal=&#8221;on&#8221; da_is_singular=&#8221;off&#8221; da_with_loader=&#8221;off&#8221; da_has_shadow=&#8221;on&#8221;][et_pb_row _builder_version=&#8221;4.21.0&#8243; _module_preset=&#8221;default&#8221; global_colors_info=&#8221;{}&#8221;][et_pb_column type=&#8221;4_4&#8243; _builder_version=&#8221;4.21.0&#8243; _module_preset=&#8221;default&#8221; global_colors_info=&#8221;{}&#8221;][et_pb_text _builder_version=&#8221;4.27.4&#8243; _module_preset=&#8221;default&#8221; text_font=&#8221;Open Sans|300|||||||&#8221; text_text_color=&#8221;#000000&#8243; text_font_size=&#8221;17px&#8221; header_font=&#8221;Oswald||||||||&#8221; header_font_size=&#8221;50px&#8221; header_2_font=&#8221;Oswald||||||||&#8221; header_2_font_size=&#8221;50px&#8221; hover_enabled=&#8221;0&#8243; global_colors_info=&#8221;{}&#8221; sticky_enabled=&#8221;0&#8243;]<\/p>\n<h2 style=\"margin-bottom: 30px; margin-left: 0px; margin-top: 0px;\">T\u00c9RMINOS Y CONDICIONES DE COMPRA<\/h2>\n<div class=\"mb-4\">\n<h4 class=\"mb-3 text-gris barlow\">Condiciones de reserva<\/h4>\n<ul>\n<li>Entradas a partir de las 17h.<\/li>\n<li>Salidas antes de las 10h de la ma\u00f1ana.<\/li>\n<li>Si cancela hasta 8 d\u00edas antes de la fecha de llegada: la empresa no efectuar\u00e1 cargos. Si cancela despu\u00e9s o no se presenta en los Apartamentos: la empresa cargar\u00e1 el importe correspondiente a la primera noche.<\/li>\n<li>El apartamento cargar\u00e1 un importe fijo y en tarjeta, como deposito,por apartamento el d\u00eda de la llegada. Importe reembolsable si no hay desperfectos, esc\u00e1ndalo o quejas por parte de otros clientes. El importe fijo es de 200 euros por estudio o apartamento de un dormitorio, 250 euros en el caso del de 2 dormitorios y 350 euros en el caso del \u00e1tico.<\/li>\n<li>La reserva se abona 100% a la entrada.<\/li>\n<li>El apartamento se reserva el derecho de comprobar la validez de las tarjetas de cr\u00e9dito antes de la fecha de llegada.<\/li>\n<li>La recepci\u00f3n est\u00e1 abierta de 10:00 a 13:00 y de 15:00 a 20:00. Los hu\u00e9spedes que lleguen despu\u00e9s de las 20:00 deber\u00e1n recoger las llaves en la conserjer\u00eda.<\/li>\n<li>Se considerar\u00e1 como grupo 10 o m\u00e1s personas que reserven juntas y se alojen en las mismas fechas incluso si reservan los apartamentos por separado y con titulares diferentes. En caso de recibir una o varias reservas que por el n\u00famero total de integrantes se considere grupo, Apartamentos Michelangelo se reserva el derecho de admisi\u00f3n o de aplicar condiciones especiales para grupos independientemente de las condiciones que se establecen en las reservas. En ning\u00fan caso Apartamentos Michelangelo se har\u00e1 responsable de los posibles gastos de realojo y\/o de los gastos adicionales incurridos por dichos grupos no autorizados.<\/li>\n<li>Si tiene cualquier duda puede llamar al +34 96 585 28 00 \/ +34 96 585 71 50\/ +34 682 63 03 53<\/li>\n<li>Sus datos de car\u00e1cter personal se recogen, en el momento de hacer la reserva, de acuerdo con lo dispuesto en la Ley Org\u00e1nica 15\/1999, de 15 de diciembre, de Protecci\u00f3n de Datos de Car\u00e1cter Personal, y se almacenan en un fichero propiedad de Valortur,S.L. con domicilio en C\/Vicente Llorca Alos, 14 de Benidorm. De acuerdo con la Ley anterior, tiene derecho a ejercer los derechos de acceso, rectificaci\u00f3n y cancelaci\u00f3n de los datos enviando una solicitud por escrito a nuestro domicilio.<\/li>\n<li>N\u00famero de inscripci\u00f3n en el Registro de Actividades Tur\u00edsticas de la Comunidad Valenciana es: AA-600<\/li>\n<li>El titular de la reserva y de la tarjeta de cr\u00e9dito facilitado en el momento de hacer la reserva debe ser la misma persona que se alojar\u00e1 en los Apartamentos.<\/li>\n<li>Los usuarios pueden ejercitar los derechos de acceso, rectificaci\u00f3n, cancelaci\u00f3n, limitaci\u00f3n del tratamiento, oposici\u00f3n y portabilidad reconocidos en la actual legislaci\u00f3n mediante comunicaci\u00f3n escrita al responsable del tratamiento que se cita abajo, o a la direcci\u00f3n de correo electr\u00f3nico: info@apartamentosmichelangelobenidorm.com .<\/li>\n<li>La aceptaci\u00f3n de los t\u00e9rminos expuestos en esta pol\u00edtica de privacidad en necesaria para el env\u00edo y transmisi\u00f3n de la solicitud realizada.Responsable del Tratamiento:VALORTUR,S.L.C\/PRIMAVERA,6. APARTAMENTOS MCIHELANGELO.03501. BENIDORM. ALICANTE. ESPA\u00d1A<\/li>\n<li>En caso de que el usuario incluya datos personales de terceras personas deber\u00e1, con car\u00e1cter previo a su inclusi\u00f3n, informarles de lo establecido en la presente pol\u00edtica de privacidad, siendo el \u00fanico responsable de su inclusi\u00f3n.<\/li>\n<li>La solicitud de sus datos de car\u00e1cter personal tiene como finalidad comercial y anal\u00edtica, prestar los servicios de comercio electr\u00f3nico, y transmitirte publicidad de otros productos y servicios, avisos y ofertas y, en general, informaci\u00f3n de car\u00e1cter comercial de inter\u00e9s del Apartamentos Michelangelo<\/li>\n<li>El usuario garantiza la veracidad de los datos personales proporcionados, siendo el \u00fanico responsable de cualquier da\u00f1o o perjuicio, directo o indirecto, que pudiera ocasionar a VALORTUR,S.L a causa de la cumplimentaci\u00f3n de los formularios con datos falsos, inexactos o incompletos.<\/li>\n<li>Datos fiscales del Establecimiento: Valortur S.L. con CIF B-53236121, domicilio en Avenida Vicente Llorca Al\u00f3s, 14, 03502 Benidorm (Alicante).<\/li>\n<\/ul>\n<\/div>\n<div class=\"mb-4\">\n<h4 class=\"mb-3 text-gris barlow\">Pol\u00edtica de pagos<\/h4>\n<h6 class=\"text-gris\">Seg\u00fan Ley 11\/2021, de 9 de julio, de medidas de prevenci\u00f3n y lucha contra el fraude fiscal No se pueden realizar operaciones en efectivo superiores a 1.000,00\u20ac<\/h6>\n<\/div>\n<p>&nbsp;<\/p>\n<ul class=\"lista_elementos_tabla\"><\/ul>\n<p>[\/et_pb_text][\/et_pb_column][\/et_pb_row][\/et_pb_section]<\/p>\n","protected":false},"excerpt":{"rendered":"<p>T\u00c9RMINOS Y CONDICIONES DE COMPRA Condiciones de reserva Entradas a partir de las 17h. Salidas antes de las 10h de la ma\u00f1ana. Si cancela hasta 8 d\u00edas antes de la fecha de llegada: la empresa no efectuar\u00e1 cargos. Si cancela despu\u00e9s o no se presenta en los Apartamentos: la empresa cargar\u00e1 el importe correspondiente a [&hellip;]<\/p>\n","protected":false},"author":1,"featured_media":0,"parent":0,"menu_order":0,"comment_status":"closed","ping_status":"closed","template":"","meta":{"_et_pb_use_builder":"on","_et_pb_old_content":"","_et_gb_content_width":"","inline_featured_image":false,"footnotes":""},"class_list":["post-7436","page","type-page","status-publish","hentry"],"yoast_head":"<!-- This site is optimized with the Yoast SEO plugin v27.5 - https:\/\/yoast.com\/product\/yoast-seo-wordpress\/ -->\r\n<title>Condiciones de Reserva - Apartamentos Michelangelo<\/title>\r\n<meta name=\"robots\" content=\"index, follow, max-snippet:-1, max-image-preview:large, max-video-preview:-1\" \/>\r\n<link rel=\"canonical\" href=\"https:\/\/apartamentosmichelangelobenidorm.com\/de\/terminos-condiciones\/\" \/>\r\n<meta property=\"og:locale\" content=\"de_DE\" \/>\r\n<meta property=\"og:type\" content=\"article\" \/>\r\n<meta property=\"og:title\" content=\"Condiciones de Reserva - Apartamentos Michelangelo\" \/>\r\n<meta property=\"og:description\" content=\"T\u00c9RMINOS Y CONDICIONES DE COMPRA Condiciones de reserva Entradas a partir de las 17h. Salidas antes de las 10h de la ma\u00f1ana. Si cancela hasta 8 d\u00edas antes de la fecha de llegada: la empresa no efectuar\u00e1 cargos. Si cancela despu\u00e9s o no se presenta en los Apartamentos: la empresa cargar\u00e1 el importe correspondiente a [&hellip;]\" \/>\r\n<meta property=\"og:url\" content=\"https:\/\/apartamentosmichelangelobenidorm.com\/de\/terminos-condiciones\/\" \/>\r\n<meta property=\"og:site_name\" content=\"Apartamentos Michelangelo\" \/>\r\n<meta property=\"article:publisher\" content=\"https:\/\/www.facebook.com\/ApartamentosMichelangelo\" \/>\r\n<meta property=\"article:modified_time\" content=\"2025-12-17T11:30:49+00:00\" \/>\r\n<meta name=\"twitter:card\" content=\"summary_large_image\" \/>\r\n<meta name=\"twitter:site\" content=\"@AptMichelangelo\" \/>\r\n<script type=\"application\/ld+json\" class=\"yoast-schema-graph\">{\"@context\":\"https:\\\/\\\/schema.org\",\"@graph\":[{\"@type\":\"WebPage\",\"@id\":\"https:\\\/\\\/apartamentosmichelangelobenidorm.com\\\/terminos-condiciones\\\/\",\"url\":\"https:\\\/\\\/apartamentosmichelangelobenidorm.com\\\/terminos-condiciones\\\/\",\"name\":\"Condiciones de Reserva - Apartamentos Michelangelo\",\"isPartOf\":{\"@id\":\"https:\\\/\\\/apartamentosmichelangelobenidorm.com\\\/#website\"},\"datePublished\":\"2023-12-13T08:33:15+00:00\",\"dateModified\":\"2025-12-17T11:30:49+00:00\",\"breadcrumb\":{\"@id\":\"https:\\\/\\\/apartamentosmichelangelobenidorm.com\\\/terminos-condiciones\\\/#breadcrumb\"},\"inLanguage\":\"de\",\"potentialAction\":[{\"@type\":\"ReadAction\",\"target\":[\"https:\\\/\\\/apartamentosmichelangelobenidorm.com\\\/terminos-condiciones\\\/\"]}]},{\"@type\":\"BreadcrumbList\",\"@id\":\"https:\\\/\\\/apartamentosmichelangelobenidorm.com\\\/terminos-condiciones\\\/#breadcrumb\",\"itemListElement\":[{\"@type\":\"ListItem\",\"position\":1,\"name\":\"Portada\",\"item\":\"https:\\\/\\\/apartamentosmichelangelobenidorm.com\\\/\"},{\"@type\":\"ListItem\",\"position\":2,\"name\":\"Condiciones de Reserva\"}]},{\"@type\":\"WebSite\",\"@id\":\"https:\\\/\\\/apartamentosmichelangelobenidorm.com\\\/#website\",\"url\":\"https:\\\/\\\/apartamentosmichelangelobenidorm.com\\\/\",\"name\":\"Apartamentos Michelangelo\",\"description\":\"\",\"publisher\":{\"@id\":\"https:\\\/\\\/apartamentosmichelangelobenidorm.com\\\/#organization\"},\"potentialAction\":[{\"@type\":\"SearchAction\",\"target\":{\"@type\":\"EntryPoint\",\"urlTemplate\":\"https:\\\/\\\/apartamentosmichelangelobenidorm.com\\\/?s={search_term_string}\"},\"query-input\":{\"@type\":\"PropertyValueSpecification\",\"valueRequired\":true,\"valueName\":\"search_term_string\"}}],\"inLanguage\":\"de\"},{\"@type\":\"Organization\",\"@id\":\"https:\\\/\\\/apartamentosmichelangelobenidorm.com\\\/#organization\",\"name\":\"Apartamentos Michelangelo\",\"url\":\"https:\\\/\\\/apartamentosmichelangelobenidorm.com\\\/\",\"logo\":{\"@type\":\"ImageObject\",\"inLanguage\":\"de\",\"@id\":\"https:\\\/\\\/apartamentosmichelangelobenidorm.com\\\/#\\\/schema\\\/logo\\\/image\\\/\",\"url\":\"http:\\\/\\\/apartamentosmichelangelobenidorm.com\\\/wp-content\\\/uploads\\\/2023\\\/05\\\/iconoFooterMobile-1.svg\",\"contentUrl\":\"http:\\\/\\\/apartamentosmichelangelobenidorm.com\\\/wp-content\\\/uploads\\\/2023\\\/05\\\/iconoFooterMobile-1.svg\",\"width\":247,\"height\":207,\"caption\":\"Apartamentos Michelangelo\"},\"image\":{\"@id\":\"https:\\\/\\\/apartamentosmichelangelobenidorm.com\\\/#\\\/schema\\\/logo\\\/image\\\/\"},\"sameAs\":[\"https:\\\/\\\/www.facebook.com\\\/ApartamentosMichelangelo\",\"https:\\\/\\\/x.com\\\/AptMichelangelo\",\"https:\\\/\\\/www.instagram.com\\\/apartamentosmichelangelo\\\/\"]}]}<\/script>\r\n<!-- \/ Yoast SEO plugin. -->","yoast_head_json":{"title":"Condiciones de Reserva - Apartamentos Michelangelo","robots":{"index":"index","follow":"follow","max-snippet":"max-snippet:-1","max-image-preview":"max-image-preview:large","max-video-preview":"max-video-preview:-1"},"canonical":"https:\/\/apartamentosmichelangelobenidorm.com\/de\/terminos-condiciones\/","og_locale":"de_DE","og_type":"article","og_title":"Condiciones de Reserva - Apartamentos Michelangelo","og_description":"T\u00c9RMINOS Y CONDICIONES DE COMPRA Condiciones de reserva Entradas a partir de las 17h. Salidas antes de las 10h de la ma\u00f1ana. Si cancela hasta 8 d\u00edas antes de la fecha de llegada: la empresa no efectuar\u00e1 cargos. Si cancela despu\u00e9s o no se presenta en los Apartamentos: la empresa cargar\u00e1 el importe correspondiente a [&hellip;]","og_url":"https:\/\/apartamentosmichelangelobenidorm.com\/de\/terminos-condiciones\/","og_site_name":"Apartamentos Michelangelo","article_publisher":"https:\/\/www.facebook.com\/ApartamentosMichelangelo","article_modified_time":"2025-12-17T11:30:49+00:00","twitter_card":"summary_large_image","twitter_site":"@AptMichelangelo","schema":{"@context":"https:\/\/schema.org","@graph":[{"@type":"WebPage","@id":"https:\/\/apartamentosmichelangelobenidorm.com\/terminos-condiciones\/","url":"https:\/\/apartamentosmichelangelobenidorm.com\/terminos-condiciones\/","name":"Condiciones de Reserva - Apartamentos Michelangelo","isPartOf":{"@id":"https:\/\/apartamentosmichelangelobenidorm.com\/#website"},"datePublished":"2023-12-13T08:33:15+00:00","dateModified":"2025-12-17T11:30:49+00:00","breadcrumb":{"@id":"https:\/\/apartamentosmichelangelobenidorm.com\/terminos-condiciones\/#breadcrumb"},"inLanguage":"de","potentialAction":[{"@type":"ReadAction","target":["https:\/\/apartamentosmichelangelobenidorm.com\/terminos-condiciones\/"]}]},{"@type":"BreadcrumbList","@id":"https:\/\/apartamentosmichelangelobenidorm.com\/terminos-condiciones\/#breadcrumb","itemListElement":[{"@type":"ListItem","position":1,"name":"Portada","item":"https:\/\/apartamentosmichelangelobenidorm.com\/"},{"@type":"ListItem","position":2,"name":"Condiciones de Reserva"}]},{"@type":"WebSite","@id":"https:\/\/apartamentosmichelangelobenidorm.com\/#website","url":"https:\/\/apartamentosmichelangelobenidorm.com\/","name":"Apartamentos Michelangelo","description":"","publisher":{"@id":"https:\/\/apartamentosmichelangelobenidorm.com\/#organization"},"potentialAction":[{"@type":"SearchAction","target":{"@type":"EntryPoint","urlTemplate":"https:\/\/apartamentosmichelangelobenidorm.com\/?s={search_term_string}"},"query-input":{"@type":"PropertyValueSpecification","valueRequired":true,"valueName":"search_term_string"}}],"inLanguage":"de"},{"@type":"Organization","@id":"https:\/\/apartamentosmichelangelobenidorm.com\/#organization","name":"Apartamentos Michelangelo","url":"https:\/\/apartamentosmichelangelobenidorm.com\/","logo":{"@type":"ImageObject","inLanguage":"de","@id":"https:\/\/apartamentosmichelangelobenidorm.com\/#\/schema\/logo\/image\/","url":"http:\/\/apartamentosmichelangelobenidorm.com\/wp-content\/uploads\/2023\/05\/iconoFooterMobile-1.svg","contentUrl":"http:\/\/apartamentosmichelangelobenidorm.com\/wp-content\/uploads\/2023\/05\/iconoFooterMobile-1.svg","width":247,"height":207,"caption":"Apartamentos Michelangelo"},"image":{"@id":"https:\/\/apartamentosmichelangelobenidorm.com\/#\/schema\/logo\/image\/"},"sameAs":["https:\/\/www.facebook.com\/ApartamentosMichelangelo","https:\/\/x.com\/AptMichelangelo","https:\/\/www.instagram.com\/apartamentosmichelangelo\/"]}]}},"_links":{"self":[{"href":"https:\/\/apartamentosmichelangelobenidorm.com\/de\/wp-json\/wp\/v2\/pages\/7436","targetHints":{"allow":["GET"]}}],"collection":[{"href":"https:\/\/apartamentosmichelangelobenidorm.com\/de\/wp-json\/wp\/v2\/pages"}],"about":[{"href":"https:\/\/apartamentosmichelangelobenidorm.com\/de\/wp-json\/wp\/v2\/types\/page"}],"author":[{"embeddable":true,"href":"https:\/\/apartamentosmichelangelobenidorm.com\/de\/wp-json\/wp\/v2\/users\/1"}],"replies":[{"embeddable":true,"href":"https:\/\/apartamentosmichelangelobenidorm.com\/de\/wp-json\/wp\/v2\/comments?post=7436"}],"version-history":[{"count":4,"href":"https:\/\/apartamentosmichelangelobenidorm.com\/de\/wp-json\/wp\/v2\/pages\/7436\/revisions"}],"predecessor-version":[{"id":9540,"href":"https:\/\/apartamentosmichelangelobenidorm.com\/de\/wp-json\/wp\/v2\/pages\/7436\/revisions\/9540"}],"wp:attachment":[{"href":"https:\/\/apartamentosmichelangelobenidorm.com\/de\/wp-json\/wp\/v2\/media?parent=7436"}],"curies":[{"name":"wp","href":"https:\/\/api.w.org\/{rel}","templated":true}]}}